{"id":11059,"date":"2020-08-13T13:03:13","date_gmt":"2020-08-13T13:03:13","guid":{"rendered":"https:\/\/vorschau-store.relita.com\/index.php\/product\/import-placeholder-for-7523\/"},"modified":"2021-09-16T18:39:59","modified_gmt":"2021-09-16T18:39:59","slug":"spielbett-toms-huette-und-bett-kim-buche-massiv-natur-geoelt-textilset-rosa-violett-kleider","status":"publish","type":"product","link":"https:\/\/produkte.relita.com\/index.php\/product\/spielbett-toms-huette-und-bett-kim-buche-massiv-natur-geoelt-textilset-rosa-violett-kleider\/","title":{"rendered":"Spielbett Tom\u00b4s H\u00fctte und Bett Kim Buche massiv natur ge\u00f6lt."},"content":{"rendered":"","protected":false},"excerpt":{"rendered":"<p>Buche massiv natur ge\u00f6lt<\/p>\n","protected":false},"featured_media":11768,"template":"","meta":[],"product_cat":[713,693,710],"product_tag":[],"_links":{"self":[{"href":"https:\/\/produkte.relita.com\/index.php\/wp-json\/wp\/v2\/product\/11059"}],"collection":[{"href":"https:\/\/produkte.relita.com\/index.php\/wp-json\/wp\/v2\/product"}],"about":[{"href":"https:\/\/produkte.relita.com\/index.php\/wp-json\/wp\/v2\/types\/product"}],"wp:featuredmedia":[{"embeddable":true,"href":"https:\/\/produkte.relita.com\/index.php\/wp-json\/wp\/v2\/media\/11768"}],"wp:attachment":[{"href":"https:\/\/produkte.relita.com\/index.php\/wp-json\/wp\/v2\/media?parent=11059"}],"wp:term":[{"taxonomy":"product_cat","embeddable":true,"href":"https:\/\/produkte.relita.com\/index.php\/wp-json\/wp\/v2\/product_cat?post=11059"},{"taxonomy":"product_tag","embeddable":true,"href":"https:\/\/produkte.relita.com\/index.php\/wp-json\/wp\/v2\/product_tag?post=11059"}],"curies":[{"name":"wp","href":"https:\/\/api.w.org\/{rel}","templated":true}]}}