{"id":11184,"date":"2020-08-13T13:03:30","date_gmt":"2020-08-13T13:03:30","guid":{"rendered":"https:\/\/vorschau-store.relita.com\/index.php\/product\/import-placeholder-for-7648\/"},"modified":"2021-09-16T18:14:41","modified_gmt":"2021-09-16T18:14:41","slug":"halbhohes-bett-kick-90-x-200-cm-liegeflaeche-mit-lattenrost-und-rutsche-buche-massiv-weiss-lackiert-7","status":"publish","type":"product","link":"https:\/\/produkte.relita.com\/index.php\/product\/halbhohes-bett-kick-90-x-200-cm-liegeflaeche-mit-lattenrost-und-rutsche-buche-massiv-weiss-lackiert-7\/","title":{"rendered":"Halbhohes Bett Kick 90 x 200 Liegefl\u00e4che mit Lattenrost und Rutsche Buche massiv wei\u00df lackiert"},"content":{"rendered":"","protected":false},"excerpt":{"rendered":"<p>Buche massiv wei\u00df lackiert<\/p>\n","protected":false},"featured_media":11770,"template":"","meta":[],"product_cat":[713],"product_tag":[],"_links":{"self":[{"href":"https:\/\/produkte.relita.com\/index.php\/wp-json\/wp\/v2\/product\/11184"}],"collection":[{"href":"https:\/\/produkte.relita.com\/index.php\/wp-json\/wp\/v2\/product"}],"about":[{"href":"https:\/\/produkte.relita.com\/index.php\/wp-json\/wp\/v2\/types\/product"}],"wp:featuredmedia":[{"embeddable":true,"href":"https:\/\/produkte.relita.com\/index.php\/wp-json\/wp\/v2\/media\/11770"}],"wp:attachment":[{"href":"https:\/\/produkte.relita.com\/index.php\/wp-json\/wp\/v2\/media?parent=11184"}],"wp:term":[{"taxonomy":"product_cat","embeddable":true,"href":"https:\/\/produkte.relita.com\/index.php\/wp-json\/wp\/v2\/product_cat?post=11184"},{"taxonomy":"product_tag","embeddable":true,"href":"https:\/\/produkte.relita.com\/index.php\/wp-json\/wp\/v2\/product_tag?post=11184"}],"curies":[{"name":"wp","href":"https:\/\/api.w.org\/{rel}","templated":true}]}}