{"id":9966,"date":"2020-08-13T13:00:41","date_gmt":"2020-08-13T13:00:41","guid":{"rendered":"https:\/\/vorschau-store.relita.com\/index.php\/product\/import-placeholder-for-6430\/"},"modified":"2021-09-16T17:46:09","modified_gmt":"2021-09-16T17:46:09","slug":"etagenbett-bernd-mit-liegeflaechen-90-x-200-cm-ohne-lattenrost-kiefer-massiv-weiss-lackiert","status":"publish","type":"product","link":"https:\/\/produkte.relita.com\/index.php\/product\/etagenbett-bernd-mit-liegeflaechen-90-x-200-cm-ohne-lattenrost-kiefer-massiv-weiss-lackiert\/","title":{"rendered":"Etagenbett BERND mit Liegefl\u00e4chen 90 x 200 cm ohne Lattenrost Kiefer massiv wei\u00df lackiert"},"content":{"rendered":"","protected":false},"excerpt":{"rendered":"<p>Kiefer massiv wei\u00df lackiert<\/p>\n","protected":false},"featured_media":11612,"template":"","meta":[],"product_cat":[705],"product_tag":[],"_links":{"self":[{"href":"https:\/\/produkte.relita.com\/index.php\/wp-json\/wp\/v2\/product\/9966"}],"collection":[{"href":"https:\/\/produkte.relita.com\/index.php\/wp-json\/wp\/v2\/product"}],"about":[{"href":"https:\/\/produkte.relita.com\/index.php\/wp-json\/wp\/v2\/types\/product"}],"wp:featuredmedia":[{"embeddable":true,"href":"https:\/\/produkte.relita.com\/index.php\/wp-json\/wp\/v2\/media\/11612"}],"wp:attachment":[{"href":"https:\/\/produkte.relita.com\/index.php\/wp-json\/wp\/v2\/media?parent=9966"}],"wp:term":[{"taxonomy":"product_cat","embeddable":true,"href":"https:\/\/produkte.relita.com\/index.php\/wp-json\/wp\/v2\/product_cat?post=9966"},{"taxonomy":"product_tag","embeddable":true,"href":"https:\/\/produkte.relita.com\/index.php\/wp-json\/wp\/v2\/product_tag?post=9966"}],"curies":[{"name":"wp","href":"https:\/\/api.w.org\/{rel}","templated":true}]}}